{"id":1099,"date":"2025-11-22T18:25:12","date_gmt":"2025-11-22T18:25:12","guid":{"rendered":"https:\/\/avantaprosolutions.com\/?page_id=1099"},"modified":"2025-11-23T19:59:33","modified_gmt":"2025-11-23T19:59:33","slug":"gps-services","status":"publish","type":"page","link":"https:\/\/avantaprosolutions.com\/es\/gps-services\/","title":{"rendered":"GPS Services"},"content":{"rendered":"<div class=\"wp-block-group has-tertiary-background-color has-background has-medium-font-size is-content-justification-center is-nowrap is-layout-flex wp-container-core-group-is-layout-7be7dd77 wp-block-group-is-layout-flex\" style=\"border-radius:20px;margin-top:var(--wp--preset--spacing--20);margin-bottom:var(--wp--preset--spacing--20);padding-top:var(--wp--preset--spacing--20);padding-bottom:var(--wp--preset--spacing--20)\">\n<h2 class=\"wp-block-heading has-text-align-center has-text-color has-link-color has-medium-font-size wp-elements-2e4cdf48db41473cb8f6bbe073e26ab9\" style=\"color:#2a2a4b\">GPS &amp; Logistic Services<\/h2>\n<\/div>\n\n\n\n<h2 class=\"wp-block-heading has-text-align-center has-text-color has-link-color has-large-font-size wp-elements-83eb92247fa62f9a08eb67fa513df7ed\" style=\"color:#1a0ff9\">Nuestros Planes<\/h2>\n\n\n\n<div class=\"wp-block-group alignfull has-global-padding is-layout-constrained wp-container-core-group-is-layout-0420e281 wp-block-group-is-layout-constrained\" style=\"margin-top:0;margin-bottom:0;padding-top:0;padding-right:0;padding-bottom:0;padding-left:0\">\n<div class=\"wp-block-columns alignwide has-background-background-color has-background is-layout-flex wp-container-core-columns-is-layout-0250be7f wp-block-columns-is-layout-flex\" style=\"padding-top:var(--wp--preset--spacing--30);padding-right:0;padding-bottom:var(--wp--preset--spacing--30);padding-left:0\">\n<div class=\"wp-block-column is-vertically-aligned-stretch is-layout-flow wp-block-column-is-layout-flow\" style=\"flex-basis:40%\">\n<div class=\"wp-block-cover is-light is-repeated extendify-image-import\" style=\"min-height:100%;aspect-ratio:unset;\"><video class=\"wp-block-cover__video-background intrinsic-ignore\" autoplay muted loop playsinline src=\"https:\/\/avantaprosolutions.com\/wp-content\/uploads\/2025\/11\/Icon-v4-1.mp4\" data-object-fit=\"cover\"><\/video><span aria-hidden=\"true\" class=\"wp-block-cover__background has-background-dim-0 has-background-dim\" style=\"background-color:#FFF\"><\/span><div class=\"wp-block-cover__inner-container is-layout-flow wp-block-cover-is-layout-flow\">\n<div style=\"height:240px\" aria-hidden=\"true\" class=\"wp-block-spacer\"><\/div>\n<\/div><\/div>\n<\/div>\n\n\n\n<div class=\"wp-block-column is-vertically-aligned-center is-layout-flow wp-block-column-is-layout-flow\">\n<div class=\"wp-block-group has-global-padding is-layout-constrained wp-container-core-group-is-layout-301020a0 wp-block-group-is-layout-constrained\" style=\"padding-top:var(--wp--preset--spacing--50);padding-right:var(--wp--preset--spacing--50);padding-bottom:var(--wp--preset--spacing--50);padding-left:var(--wp--preset--spacing--50)\">\n<h2 class=\"wp-block-heading has-large-font-size\">Start at $1 for 1 Month<\/h2>\n\n\n\n<p style=\"margin-top:16px\">M\u00e1s eficiencia, menos preocupaciones, resultados reales.<\/p>\n\n\n\n<a href=\"https:\/\/wa.me\/50582141612?text=Hola%20AvantaPro.%20Estoy%20interesado%20en%20sus%20Servicios%20de%20GPS.%20Me%20gustaria%20saber%20mas%20de%20sus%20planes\" \n   target=\"_blank\" \n   style=\"background:#25D366; color:white; padding:10px 20px; border-radius:15px; text-decoration:none; font-weight:600; display:inline-block;\">\n   \ud83d\udcac WhatsApp Us\n<\/a>\n<\/div>\n<\/div>\n<\/div>\n<\/div>\n\n\n\n<div class=\"wp-block-group alignfull has-global-padding is-layout-constrained wp-container-core-group-is-layout-0420e281 wp-block-group-is-layout-constrained has-background\" style=\"margin-top:0;margin-bottom:0;padding-top:0;padding-right:0;padding-bottom:0;padding-left:0;background-image:url(&apos;https:\/\/avantaprosolutions.com\/wp-content\/uploads\/2025\/11\/Gtrack-1.png&apos;);background-size:cover;\">\n<div class=\"wp-block-columns alignwide is-layout-flex wp-container-core-columns-is-layout-0250be7f wp-block-columns-is-layout-flex\" style=\"padding-top:var(--wp--preset--spacing--30);padding-right:0;padding-bottom:var(--wp--preset--spacing--30);padding-left:0\">\n<div class=\"wp-block-column is-vertically-aligned-top has-background is-layout-flow wp-block-column-is-layout-flow\" style=\"border-radius:15px;background-color:#edf2fa8c;padding-top:var(--wp--preset--spacing--20);padding-right:var(--wp--preset--spacing--20);padding-bottom:var(--wp--preset--spacing--20);padding-left:var(--wp--preset--spacing--20)\">\n<div class=\"flip-card\">\n  <div class=\"flip-card-inner\">\n    <div class=\"flip-card-front\">\n      <h3>Basic<\/h3>\n      <p class=\"subtitle\"><\/p>\n    <\/div>\n    <div class=\"flip-card-back\">\n      <p>\n        Nuestra tecnolog\u00eda reduce tus costos de combustible, previene la p\u00e9rdida de mobiliario \n        y aumenta la responsabilidad del equipo en tiempo real.\n      <\/p>\n    <\/div>\n  <\/div>\n<\/div>\n\n\n\n<ul style=\"color:#1a0ff9\" class=\"wp-block-list has-text-color has-link-color wp-elements-5cbe0139f1bf4274f06061e41b07eefa\">\n<li>Ubicaci\u00f3n en tiempo real<\/li>\n\n\n\n<li>Corte de Ignici\u00f3n remoto<\/li>\n\n\n\n<li>Acceso App (iOS, Android)<\/li>\n\n\n\n<li>Alerta SOS 24\/7<\/li>\n<\/ul>\n\n\n\n<div style=\"height:150px\" aria-hidden=\"true\" class=\"wp-block-spacer\"><\/div>\n<\/div>\n\n\n\n<div class=\"wp-block-column is-vertically-aligned-top has-background is-layout-flow wp-block-column-is-layout-flow\" style=\"border-radius:15px;background-color:#edf2fa9e;padding-top:var(--wp--preset--spacing--20);padding-right:var(--wp--preset--spacing--20);padding-bottom:var(--wp--preset--spacing--20);padding-left:var(--wp--preset--spacing--20)\">\n<div class=\"flip-card\">\n  <div class=\"flip-card-inner\">\n    <div class=\"flip-card-front\">\n      <h3>Go Pro<\/h3>\n      <p><\/p>\n    <\/div>\n    <div class=\"flip-card-back\">\n      <p>Disfrute la tranquilidad de saber que su veh\u00edculo puede ser localizado en cualquier lugar, mientras mantiene comunicaci\u00f3n directa desde su m\u00f3vil.<\/p>\n    <\/div>\n  <\/div>\n<\/div>\n\n\n\n<ul style=\"color:#1a0ff9\" class=\"wp-block-list has-text-color has-link-color wp-elements-75a5c36e893a869f2d30e37df0106864\">\n<li>Ubicaci\u00f3n en tiempo real<\/li>\n\n\n\n<li>Corte de Ignici\u00f3n remoto<\/li>\n\n\n\n<li>Acceso App (iOS, Android)<\/li>\n\n\n\n<li>Alerta SOS 24\/7<\/li>\n\n\n\n<li>Reporteria Automatica<\/li>\n\n\n\n<li>Control de Flotas<\/li>\n\n\n\n<li>Hunter<\/li>\n<\/ul>\n\n\n\n<div style=\"height:68px\" aria-hidden=\"true\" class=\"wp-block-spacer\"><\/div>\n<\/div>\n\n\n\n<div class=\"wp-block-column is-vertically-aligned-top has-background has-global-padding is-layout-constrained wp-container-core-column-is-layout-9e9be3cb wp-block-column-is-layout-constrained\" style=\"border-radius:15px;background-color:#f2f2fa8f;padding-top:var(--wp--preset--spacing--20);padding-right:var(--wp--preset--spacing--20);padding-bottom:var(--wp--preset--spacing--20);padding-left:var(--wp--preset--spacing--20)\">\n<div class=\"flip-card\">\n  <div class=\"flip-card-inner\">\n    <div class=\"flip-card-front\">\n      <h3>Pro Plus<\/h3>\n      <p><\/p>\n    <\/div>\n    <div class=\"flip-card-back\">\n      <p>Cobertura nacional de servicios, brindando soporte y asistencia en cualquier lugar donde se encuentre. Te acompa\u00f1amos para que tu operaci\u00f3n est\u00e9 respaldada sin importar la distancia.<\/p>\n    <\/div>\n  <\/div>\n<\/div>\n\n\n\n<ul style=\"color:#1a0ff9\" class=\"wp-block-list has-text-color has-link-color wp-elements-0584d8fc14638c85e6fd47263a90a82e\">\n<li>Ubicaci\u00f3n en tiempo real<\/li>\n\n\n\n<li>Corte de Ignicion remoto<\/li>\n\n\n\n<li>Acceso App (iOS, Android)<\/li>\n\n\n\n<li>Alerta SOS 24\/7<\/li>\n\n\n\n<li>Reporteria Automatica<\/li>\n\n\n\n<li>Control de Flotas<\/li>\n\n\n\n<li>Asignaci\u00f3n de Tareas<\/li>\n\n\n\n<li>Optimizaci\u00f3n de Rutas<\/li>\n\n\n\n<li>Eficiencia de combustible<\/li>\n<\/ul>\n\n\n\n<div style=\"height:14px\" aria-hidden=\"true\" class=\"wp-block-spacer\"><\/div>\n<\/div>\n<\/div>\n<\/div>","protected":false},"excerpt":{"rendered":"<p>GPS &amp; Logistic Services Nuestros Planes Start at $1 for 1 Month M\u00e1s eficiencia, menos preocupaciones, resultados reales. \ud83d\udcac WhatsApp Us Basic Nuestra tecnolog\u00eda reduce tus costos de combustible, previene [&hellip;]<\/p>\n","protected":false},"author":1,"featured_media":0,"parent":0,"menu_order":0,"comment_status":"closed","ping_status":"closed","template":"no-title-sticky-header","meta":{"give_campaign_id":0,"pagelayer_contact_templates":[],"_pagelayer_content":"","_EventAllDay":false,"_EventTimezone":"","_EventStartDate":"","_EventEndDate":"","_EventStartDateUTC":"","_EventEndDateUTC":"","_EventShowMap":false,"_EventShowMapLink":false,"_EventURL":"","_EventCost":"","_EventCostDescription":"","_EventCurrencySymbol":"","_EventCurrencyCode":"","_EventCurrencyPosition":"","_EventDateTimeSeparator":"","_EventTimeRangeSeparator":"","_EventOrganizerID":[],"_EventVenueID":[],"_OrganizerEmail":"","_OrganizerPhone":"","_OrganizerWebsite":"","_VenueAddress":"","_VenueCity":"","_VenueCountry":"","_VenueProvince":"","_VenueState":"","_VenueZip":"","_VenuePhone":"","_VenueURL":"","_VenueStateProvince":"","_VenueLat":"","_VenueLng":"","_VenueShowMap":false,"_VenueShowMapLink":false,"_joinchat":[],"footnotes":""},"class_list":["post-1099","page","type-page","status-publish","hentry"],"aioseo_notices":[],"campaignId":"","_links":{"self":[{"href":"https:\/\/avantaprosolutions.com\/es\/wp-json\/wp\/v2\/pages\/1099","targetHints":{"allow":["GET"]}}],"collection":[{"href":"https:\/\/avantaprosolutions.com\/es\/wp-json\/wp\/v2\/pages"}],"about":[{"href":"https:\/\/avantaprosolutions.com\/es\/wp-json\/wp\/v2\/types\/page"}],"author":[{"embeddable":true,"href":"https:\/\/avantaprosolutions.com\/es\/wp-json\/wp\/v2\/users\/1"}],"replies":[{"embeddable":true,"href":"https:\/\/avantaprosolutions.com\/es\/wp-json\/wp\/v2\/comments?post=1099"}],"version-history":[{"count":70,"href":"https:\/\/avantaprosolutions.com\/es\/wp-json\/wp\/v2\/pages\/1099\/revisions"}],"predecessor-version":[{"id":1194,"href":"https:\/\/avantaprosolutions.com\/es\/wp-json\/wp\/v2\/pages\/1099\/revisions\/1194"}],"wp:attachment":[{"href":"https:\/\/avantaprosolutions.com\/es\/wp-json\/wp\/v2\/media?parent=1099"}],"curies":[{"name":"wp","href":"https:\/\/api.w.org\/{rel}","templated":true}]}}