{"id":47,"date":"2025-09-14T22:50:25","date_gmt":"2025-09-14T22:50:25","guid":{"rendered":"https:\/\/avantaprosolutions.com\/services\/"},"modified":"2025-12-01T02:06:10","modified_gmt":"2025-12-01T02:06:10","slug":"services","status":"publish","type":"page","link":"https:\/\/avantaprosolutions.com\/es\/services\/","title":{"rendered":"Services"},"content":{"rendered":"<div class=\"wp-block-group alignfull has-tertiary-background-color has-background has-global-padding is-layout-constrained wp-container-core-group-is-layout-33e8f939 wp-block-group-is-layout-constrained\" style=\"margin-top:0;margin-bottom:0;padding-top:0;padding-right:var(--wp--preset--spacing--30);padding-bottom:0;padding-left:var(--wp--preset--spacing--30)\">\n<div class=\"wp-block-cover alignfull extendify-image-import\" style=\"padding-top:var(--wp--preset--spacing--40);padding-bottom:var(--wp--preset--spacing--40);min-height:65vh;aspect-ratio:unset;\"><video class=\"wp-block-cover__video-background intrinsic-ignore\" autoplay muted loop playsinline src=\"https:\/\/avantaprosolutions.com\/wp-content\/uploads\/2025\/12\/8135783-uhd_2160_4096_25fps.mp4\" data-object-fit=\"cover\"><\/video><span aria-hidden=\"true\" class=\"wp-block-cover__background has-background-dim-70 has-background-dim\" style=\"background-color:#060606\"><\/span><div class=\"wp-block-cover__inner-container is-layout-flow wp-block-cover-is-layout-flow\">\n<div class=\"wp-block-group has-text-color has-link-color wp-elements-bb3c42bac336183f291cad0dfab26103 has-global-padding is-layout-constrained wp-block-group-is-layout-constrained\" style=\"color:#f1f1f1\">\n<h2 class=\"wp-block-heading has-text-align-center has-large-font-size\">Sit back and Relax<\/h2>\n\n\n\n<div class=\"wp-block-group is-content-justification-center is-nowrap is-layout-flex wp-container-core-group-is-layout-34813730 wp-block-group-is-layout-flex\" style=\"margin-top:var(--wp--preset--spacing--20)\">\n<p class=\"has-small-font-size\">Service<\/p>\n\n\n\n<p class=\"has-small-font-size\">Expertise<\/p>\n<\/div>\n\n\n\n<p class=\"has-text-align-center\" style=\"margin-top:16px\">AvantaPro Solutions offers Explore our comprehensive services designed to deliver expert technology, accounting, and tracking solutions with bilingual support. Our promise, To deliver seamless results.<\/p>\n\n\n\n<a href=\"https:\/\/wa.me\/50582141612?text=Hello%20AvantaPro,%20Me gustaria agendar una cita o un demo de sus servicios\"\n   target=\"_blank\"\n   style=\"background:#25D366; color:white; padding:10px 20px; border-radius:15px; text-decoration:none; font-weight:600; display:block; width:max-content; margin:0 auto;\">\n   \ud83d\udcac WhatsApp Us\n<\/a>\n<\/div>\n<\/div><\/div>\n<\/div>\n\n\n\n<div class=\"wp-block-group alignfull has-background-background-color has-background has-global-padding is-layout-constrained wp-container-core-group-is-layout-12c5e928 wp-block-group-is-layout-constrained\" style=\"margin-top:0;margin-bottom:0;padding-top:var(--wp--preset--spacing--60);padding-right:var(--wp--preset--spacing--30);padding-bottom:var(--wp--preset--spacing--60);padding-left:var(--wp--preset--spacing--30)\">\n<div class=\"wp-block-columns alignwide is-layout-flex wp-container-core-columns-is-layout-08c01c1c wp-block-columns-is-layout-flex\">\n<div class=\"wp-block-column is-layout-flow wp-block-column-is-layout-flow\">\n<div class=\"wp-block-group alignwide has-global-padding is-content-justification-center is-layout-constrained wp-block-group-is-layout-constrained\">\n<h2 class=\"wp-block-heading has-large-font-size\">Nuestra Oferta<\/h2>\n\n\n\n<p style=\"margin-top:16px\">Descubre c\u00f3mo AvantaPro Solutions te ofrece servicios expertos en tecnolog\u00eda, contabilidad, rastreo GPS, adaptados a las necesidades \u00fanicas de tu negocio.<\/p>\n\n\n\n<div class=\"wp-block-buttons is-layout-flex wp-block-buttons-is-layout-flex\" style=\"margin-top:var(--wp--preset--spacing--30)\">\n<div class=\"wp-block-button is-style-fill\"><a class=\"wp-block-button__link wp-element-button\" href=\"https:\/\/avantaprosolutions.com\/es\/contact\/\">Learn More<\/a><\/div>\n<\/div>\n<\/div>\n<\/div>\n\n\n\n<div class=\"wp-block-column is-layout-flow wp-block-column-is-layout-flow\">\n<div class=\"wp-block-group is-nowrap is-layout-flex wp-container-core-group-is-layout-501511a6 wp-block-group-is-layout-flex\">\n<figure class=\"wp-block-image size-large ext-aspect-landscape extendify-image-import wp-duotone-rgb125216168-0b0620-1\"><img decoding=\"async\" src=\"data:image\/svg+xml;base64,PHN2ZyB4bWxucz0iaHR0cDovL3d3dy53My5vcmcvMjAwMC9zdmciIHdpZHRoPSI0OCIgaGVpZ2h0PSI0OCIgZmlsbD0ibm9uZSIgdmlld0JveD0iMCAwIDQ4IDQ4Ij48bWFzayBpZD0iYSIgd2lkdGg9IjQ4IiBoZWlnaHQ9IjQ4IiB4PSIwIiB5PSIwIiBtYXNrVW5pdHM9InVzZXJTcGFjZU9uVXNlIiBzdHlsZT0ibWFzay10eXBlOmFscGhhIj48cGF0aCBmaWxsPSIjRDlEOUQ5IiBkPSJNMCAwaDQ4djQ4SDB6Ii8+PC9tYXNrPjxnIG1hc2s9InVybCgjYSkiPjxwYXRoIGZpbGw9IiMxQzFCMUYiIGQ9Ik0yNCA0NGMtMi44MzMgMC01LjQ2Ny0uNTA4LTcuOS0xLjUyNS0yLjQzMy0xLjAxNy00LjU1LTIuNDI1LTYuMzUtNC4yMjUtMS44LTEuOC0zLjIwOC0zLjkxNy00LjIyNS02LjM1QzQuNTA4IDI5LjQ2NyA0IDI2LjgzMyA0IDI0YzAtMi44LjUwOC01LjQxNyAxLjUyNS03Ljg1UzcuOTUgMTEuNiA5Ljc1IDkuOGMxLjgtMS44IDMuOTE3LTMuMjE3IDYuMzUtNC4yNVMyMS4xNjcgNCAyNCA0YzIuNSAwIDQuODMzLjQgNyAxLjIgMi4xNjcuOCA0LjExNyAxLjkgNS44NSAzLjNsLTIuMTUgMi4xNWExNi43MzIgMTYuNzMyIDAgMCAwLTQuOS0yLjdDMjggNy4zMTcgMjYuMDY3IDcgMjQgN2MtNC44MzMgMC04Ljg3NSAxLjYyNS0xMi4xMjUgNC44NzVTNyAxOS4xNjcgNyAyNHMxLjYyNSA4Ljg3NSA0Ljg3NSAxMi4xMjVTMTkuMTY3IDQxIDI0IDQxczguODc1LTEuNjI1IDEyLjEyNS00Ljg3NVM0MSAyOC44MzMgNDEgMjRjMC0xLS4wNzUtMS45NzUtLjIyNS0yLjkyNS0uMTUtLjk1LS4zNzUtMS44NzUtLjY3NS0yLjc3NWwyLjMtMi4zYTE5LjEyMiAxOS4xMjIgMCAwIDEgMS4yIDMuODVjLjI2NyAxLjMzMy40IDIuNzE3LjQgNC4xNSAwIDIuODMzLS41MTcgNS40NjctMS41NSA3LjktMS4wMzMgMi40MzMtMi40NSA0LjU1LTQuMjUgNi4zNS0xLjggMS44LTMuOTE3IDMuMjA4LTYuMzUgNC4yMjVDMjkuNDE3IDQzLjQ5MiAyNi44IDQ0IDI0IDQ0Wm0tMi45NS0xMC45LTguMjUtOC4zIDIuMjUtMi4yNSA2IDYgMjAuNy0yMC43IDIuMyAyLjI1LTIzIDIzWiIvPjwvZz48L3N2Zz4=\" alt=\"\" style=\"object-fit:cover\"\/><\/figure>\n\n\n\n<div class=\"wp-block-group wp-container-content-958eb9dc has-global-padding is-layout-constrained wp-block-group-is-layout-constrained\">\n<h3 class=\"wp-block-heading\" style=\"font-size:clamp(14px, 0.875rem + ((1vw - 3.2px) * 0.625), 20px);line-height:1.5\">Innovative Technology Development<\/h3>\n\n\n\n<p class=\"has-small-font-size\" style=\"margin-top:4px\">Cutting-edge software crafted to streamline operations and boost efficiency across diverse industries.<\/p>\n<\/div>\n<\/div>\n\n\n\n<div class=\"wp-block-group is-nowrap is-layout-flex wp-container-core-group-is-layout-501511a6 wp-block-group-is-layout-flex\">\n<figure class=\"wp-block-image size-large ext-aspect-landscape extendify-image-import wp-duotone-rgb125216168-0b0620-2\"><img decoding=\"async\" src=\"data:image\/svg+xml;base64,PHN2ZyB4bWxucz0iaHR0cDovL3d3dy53My5vcmcvMjAwMC9zdmciIHdpZHRoPSI0OCIgaGVpZ2h0PSI0OCIgZmlsbD0ibm9uZSIgdmlld0JveD0iMCAwIDQ4IDQ4Ij48bWFzayBpZD0iYSIgd2lkdGg9IjQ4IiBoZWlnaHQ9IjQ4IiB4PSIwIiB5PSIwIiBtYXNrVW5pdHM9InVzZXJTcGFjZU9uVXNlIiBzdHlsZT0ibWFzay10eXBlOmFscGhhIj48cGF0aCBmaWxsPSIjRDlEOUQ5IiBkPSJNMCAwaDQ4djQ4SDB6Ii8+PC9tYXNrPjxnIG1hc2s9InVybCgjYSkiPjxwYXRoIGZpbGw9IiMxQzFCMUYiIGQ9Ik0yNCA0NGMtMi44MzMgMC01LjQ2Ny0uNTA4LTcuOS0xLjUyNS0yLjQzMy0xLjAxNy00LjU1LTIuNDI1LTYuMzUtNC4yMjUtMS44LTEuOC0zLjIwOC0zLjkxNy00LjIyNS02LjM1QzQuNTA4IDI5LjQ2NyA0IDI2LjgzMyA0IDI0YzAtMi44LjUwOC01LjQxNyAxLjUyNS03Ljg1UzcuOTUgMTEuNiA5Ljc1IDkuOGMxLjgtMS44IDMuOTE3LTMuMjE3IDYuMzUtNC4yNVMyMS4xNjcgNCAyNCA0YzIuNSAwIDQuODMzLjQgNyAxLjIgMi4xNjcuOCA0LjExNyAxLjkgNS44NSAzLjNsLTIuMTUgMi4xNWExNi43MzIgMTYuNzMyIDAgMCAwLTQuOS0yLjdDMjggNy4zMTcgMjYuMDY3IDcgMjQgN2MtNC44MzMgMC04Ljg3NSAxLjYyNS0xMi4xMjUgNC44NzVTNyAxOS4xNjcgNyAyNHMxLjYyNSA4Ljg3NSA0Ljg3NSAxMi4xMjVTMTkuMTY3IDQxIDI0IDQxczguODc1LTEuNjI1IDEyLjEyNS00Ljg3NVM0MSAyOC44MzMgNDEgMjRjMC0xLS4wNzUtMS45NzUtLjIyNS0yLjkyNS0uMTUtLjk1LS4zNzUtMS44NzUtLjY3NS0yLjc3NWwyLjMtMi4zYTE5LjEyMiAxOS4xMjIgMCAwIDEgMS4yIDMuODVjLjI2NyAxLjMzMy40IDIuNzE3LjQgNC4xNSAwIDIuODMzLS41MTcgNS40NjctMS41NSA3LjktMS4wMzMgMi40MzMtMi40NSA0LjU1LTQuMjUgNi4zNS0xLjggMS44LTMuOTE3IDMuMjA4LTYuMzUgNC4yMjVDMjkuNDE3IDQzLjQ5MiAyNi44IDQ0IDI0IDQ0Wm0tMi45NS0xMC45LTguMjUtOC4zIDIuMjUtMi4yNSA2IDYgMjAuNy0yMC43IDIuMyAyLjI1LTIzIDIzWiIvPjwvZz48L3N2Zz4=\" alt=\"\" style=\"object-fit:cover\"\/><\/figure>\n\n\n\n<div class=\"wp-block-group wp-container-content-958eb9dc has-global-padding is-layout-constrained wp-block-group-is-layout-constrained\">\n<h3 class=\"wp-block-heading\" style=\"font-size:clamp(14px, 0.875rem + ((1vw - 3.2px) * 0.625), 20px);line-height:1.5\">Comprehensive Accounting &amp; Audit<\/h3>\n\n\n\n<p class=\"has-small-font-size\" style=\"margin-top:4px\">Expert financial services ensuring accuracy, compliance, and insightful business growth strategies.<\/p>\n<\/div>\n<\/div>\n<\/div>\n<\/div>\n<\/div>\n\n\n<div class=\"service-carousel\">\n  <div class=\"carousel-track\">\n    <div class=\"carousel-content\">\n      <a href=\"https:\/\/avantaprosolutions.com\/es\/financial-services\/\" title=\"Know more\">\u2728 Accounting<\/a>\n      <a href=\"https:\/\/avantaprosolutions.com\/es\/financial-services\/\" title=\"Know more\">\u2728 Auditing<\/a>\n      <a href=\"https:\/\/avantaprosolutions.com\/es\/technology-and-automation\/\" title=\"Know more\">\u2728 AI Chatbots<\/a>\n      <a href=\"https:\/\/avantaprosolutions.com\/es\/technology-and-automation\/\" title=\"Know more\">\u2728 ERPs<\/a>\n      <a href=\"https:\/\/avantaprosolutions.com\/es\/technology-and-automation\/\" title=\"Know more\">\u2728 Website Design<\/a>\n      <a href=\"https:\/\/avantaprosolutions.com\/es\/financial-services\/\" title=\"Know more\">\u2728 Legal Advice<\/a>\n      <a href=\"https:\/\/avantaprosolutions.com\/es\/financial-services\/\" title=\"Know more\">\u2728 Bank Certifications<\/a>\n      <a href=\"https:\/\/avantaprosolutions.com\/es\/gps-services\/\" title=\"Know more\">\u2728 GPS Plans<\/a>\n    <\/div>\n\n    <div class=\"carousel-content\">\n      <a href=\"https:\/\/avantaprosolutions.com\/es\/financial-services\/\" title=\"Know more\">\u2728 Accounting<\/a>\n      <a href=\"https:\/\/avantaprosolutions.com\/es\/auditing-services\/\" title=\"Know more\">\u2728 Auditing<\/a>\n      <a href=\"https:\/\/avantaprosolutions.com\/es\/technology-and-automation\/\" title=\"Know more\">\u2728 AI Chatbots<\/a>\n      <a href=\"https:\/\/avantaprosolutions.com\/es\/technology-and-automation\/\" title=\"Know more\">\u2728 ERPs<\/a>\n      <a href=\"https:\/\/avantaprosolutions.com\/es\/technology-and-automation\/\" title=\"Know more\">\u2728 Website Design<\/a>\n      <a href=\"https:\/\/avantaprosolutions.com\/es\/financial-services\/\" title=\"Know more\">\u2728 Legal Advice<\/a>\n      <a href=\"https:\/\/avantaprosolutions.com\/es\/financial-services\/\" title=\"Know more\">\u2728 Bank Certifications<\/a>\n      <a href=\"https:\/\/avantaprosolutions.com\/es\/gps-services\/\" title=\"Know more\">\u2728 GPS Plans<\/a>\n    <\/div>\n  <\/div>\n<\/div>\n\n\n<div style=\"height:30px\" aria-hidden=\"true\" class=\"wp-block-spacer\"><\/div>\n\n\n\n<div class=\"wp-block-group alignfull has-tertiary-background-color has-background has-global-padding is-layout-constrained wp-container-core-group-is-layout-7276a2bb wp-block-group-is-layout-constrained\" id=\"services\" style=\"margin-top:0;margin-bottom:0;padding-top:var(--wp--preset--spacing--60);padding-right:var(--wp--preset--spacing--30);padding-bottom:var(--wp--preset--spacing--60);padding-left:var(--wp--preset--spacing--30)\">\n<div class=\"wp-block-group alignwide has-global-padding is-content-justification-center is-layout-constrained wp-block-group-is-layout-constrained\">\n<h2 class=\"wp-block-heading has-text-align-center\">Innovative Solutions to sustain your Growth<\/h2>\n\n\n\n<p class=\"has-text-align-center has-medium-font-size\" style=\"margin-top:16px\">Explore our comprehensive services designed to deliver expert technology, accounting, and tracking solutions with bilingual support.<\/p>\n<\/div>\n\n\n\n<div class=\"wp-block-columns alignwide is-layout-flex wp-container-core-columns-is-layout-5b525043 wp-block-columns-is-layout-flex\">\n<div class=\"wp-block-column is-layout-flow wp-block-column-is-layout-flow\">\n<div class=\"wp-block-group has-background-background-color has-background is-vertical is-layout-flex wp-container-core-group-is-layout-b39e7aeb wp-block-group-is-layout-flex\" style=\"border-radius:1.5rem;min-height:100%;padding-top:2rem;padding-right:1.5rem;padding-bottom:2rem;padding-left:1.5rem\">\n<div class=\"wp-block-group has-global-padding is-layout-constrained wp-block-group-is-layout-constrained\">\n<h3 class=\"wp-block-heading has-text-align-center\" style=\"font-size:clamp(18.959px, 1.185rem + ((1vw - 3.2px) * 1.15), 30px);line-height:1.5\">Custom Software Development<\/h3>\n\n\n\n<p class=\"has-text-align-center has-small-font-size\" style=\"margin-top:8px;margin-bottom:0\">We create bespoke software tailored to your industry\u2019s unique challenges and goals.<\/p>\n<\/div>\n\n\n\n<figure class=\"wp-block-image size-large has-custom-border ext-aspect-landscape extendify-image-import\"><img loading=\"lazy\" decoding=\"async\" width=\"1024\" height=\"683\" src=\"https:\/\/avantaprosolutions.com\/wp-content\/uploads\/2025\/11\/image-1-1024x683.jpeg\" alt=\"\" class=\"wp-image-973\" style=\"border-radius:1.5rem;aspect-ratio:1;object-fit:cover\" srcset=\"https:\/\/avantaprosolutions.com\/wp-content\/uploads\/2025\/11\/image-1-1024x683.jpeg 1024w, https:\/\/avantaprosolutions.com\/wp-content\/uploads\/2025\/11\/image-1-300x200.jpeg 300w, https:\/\/avantaprosolutions.com\/wp-content\/uploads\/2025\/11\/image-1-768x512.jpeg 768w, https:\/\/avantaprosolutions.com\/wp-content\/uploads\/2025\/11\/image-1-18x12.jpeg 18w, https:\/\/avantaprosolutions.com\/wp-content\/uploads\/2025\/11\/image-1-600x400.jpeg 600w, https:\/\/avantaprosolutions.com\/wp-content\/uploads\/2025\/11\/image-1.jpeg 1280w\" sizes=\"auto, (max-width: 1024px) 100vw, 1024px\" \/><\/figure>\n<\/div>\n<\/div>\n\n\n\n<div class=\"wp-block-column is-layout-flow wp-block-column-is-layout-flow\">\n<div class=\"wp-block-group has-background-background-color has-background is-vertical is-layout-flex wp-container-core-group-is-layout-b39e7aeb wp-block-group-is-layout-flex\" style=\"border-radius:1.5rem;min-height:100%;padding-top:2rem;padding-right:1.5rem;padding-bottom:2rem;padding-left:1.5rem\">\n<div class=\"wp-block-group has-global-padding is-layout-constrained wp-block-group-is-layout-constrained\">\n<h3 class=\"wp-block-heading has-text-align-center\" style=\"font-size:clamp(18.959px, 1.185rem + ((1vw - 3.2px) * 1.15), 30px);line-height:1.5\">Servicios Pro+<\/h3>\n\n\n\n<p class=\"has-text-align-center has-small-font-size\" style=\"margin-top:8px;margin-bottom:0\">Providing precise financial management and audit solutions for business transparency.<\/p>\n<\/div>\n\n\n\n<figure class=\"wp-block-image has-custom-border ext-aspect-landscape extendify-image-import\"><img decoding=\"async\" src=\"https:\/\/images.unsplash.com\/photo-1631624215749-b10b3dd7bca7?ixid=M3w0MzUxNjF8MHwxfHNlYXJjaHw0fHxzb2Z0d2FyZSUyMGRldmVsb3BtZW50fGVufDB8fHx8MTc1NzM0MTQ0N3ww&amp;ixlib=rb-4.1.0&amp;orientation=portrait?fit=crop&amp;crop=entropy%2Cfaces&amp;auto=format%2Ccompress&amp;w=1280\" alt=\"\" style=\"border-radius:1.5rem;aspect-ratio:1;object-fit:cover\"\/><\/figure>\n<\/div>\n<\/div>\n\n\n\n<div class=\"wp-block-column is-layout-flow wp-block-column-is-layout-flow\">\n<div class=\"wp-block-group has-background-background-color has-background is-vertical is-layout-flex wp-container-core-group-is-layout-b39e7aeb wp-block-group-is-layout-flex\" style=\"border-radius:1.5rem;min-height:100%;padding-top:2rem;padding-right:1.5rem;padding-bottom:2rem;padding-left:1.5rem\">\n<div class=\"wp-block-group has-global-padding is-layout-constrained wp-block-group-is-layout-constrained\">\n<h3 class=\"wp-block-heading has-text-align-center\" style=\"font-size:clamp(18.959px, 1.185rem + ((1vw - 3.2px) * 1.15), 30px);line-height:1.5\">GPS Tracking<\/h3>\n\n\n\n<p class=\"has-text-align-center has-small-font-size\" style=\"margin-top:8px;margin-bottom:0\">Delivering reliable location tracking systems for enhanced security and efficiency.<\/p>\n<\/div>\n\n\n\n<figure class=\"wp-block-image size-large has-custom-border ext-aspect-landscape extendify-image-import\"><img loading=\"lazy\" decoding=\"async\" width=\"1024\" height=\"293\" src=\"https:\/\/avantaprosolutions.com\/wp-content\/uploads\/2025\/11\/Gtrack-1-1024x293.png\" alt=\"\" class=\"wp-image-1170\" style=\"border-radius:1.5rem;aspect-ratio:1;object-fit:cover\" srcset=\"https:\/\/avantaprosolutions.com\/wp-content\/uploads\/2025\/11\/Gtrack-1-1024x293.png 1024w, https:\/\/avantaprosolutions.com\/wp-content\/uploads\/2025\/11\/Gtrack-1-300x86.png 300w, https:\/\/avantaprosolutions.com\/wp-content\/uploads\/2025\/11\/Gtrack-1-768x220.png 768w, https:\/\/avantaprosolutions.com\/wp-content\/uploads\/2025\/11\/Gtrack-1-1536x439.png 1536w, https:\/\/avantaprosolutions.com\/wp-content\/uploads\/2025\/11\/Gtrack-1-18x5.png 18w, https:\/\/avantaprosolutions.com\/wp-content\/uploads\/2025\/11\/Gtrack-1-600x172.png 600w, https:\/\/avantaprosolutions.com\/wp-content\/uploads\/2025\/11\/Gtrack-1.png 2000w\" sizes=\"auto, (max-width: 1024px) 100vw, 1024px\" \/><\/figure>\n<\/div>\n<\/div>\n<\/div>\n<\/div>","protected":false},"excerpt":{"rendered":"<p>Service Overview Discover how AvantaPro Solutions delivers expert technology, accounting, and GPS tracking services tailored to your unique business needs. Innovative Technology Development Cutting-edge software crafted to streamline operations and [&hellip;]<\/p>\n","protected":false},"author":1,"featured_media":0,"parent":0,"menu_order":0,"comment_status":"closed","ping_status":"closed","template":"no-title-sticky-header","meta":{"give_campaign_id":0,"pagelayer_contact_templates":[],"_pagelayer_content":"","_EventAllDay":false,"_EventTimezone":"","_EventStartDate":"","_EventEndDate":"","_EventStartDateUTC":"","_EventEndDateUTC":"","_EventShowMap":false,"_EventShowMapLink":false,"_EventURL":"","_EventCost":"","_EventCostDescription":"","_EventCurrencySymbol":"","_EventCurrencyCode":"","_EventCurrencyPosition":"","_EventDateTimeSeparator":"","_EventTimeRangeSeparator":"","_EventOrganizerID":[],"_EventVenueID":[],"_OrganizerEmail":"","_OrganizerPhone":"","_OrganizerWebsite":"","_VenueAddress":"","_VenueCity":"","_VenueCountry":"","_VenueProvince":"","_VenueState":"","_VenueZip":"","_VenuePhone":"","_VenueURL":"","_VenueStateProvince":"","_VenueLat":"","_VenueLng":"","_VenueShowMap":false,"_VenueShowMapLink":false,"_joinchat":[],"footnotes":""},"class_list":["post-47","page","type-page","status-publish","hentry"],"aioseo_notices":[],"campaignId":"","_links":{"self":[{"href":"https:\/\/avantaprosolutions.com\/es\/wp-json\/wp\/v2\/pages\/47","targetHints":{"allow":["GET"]}}],"collection":[{"href":"https:\/\/avantaprosolutions.com\/es\/wp-json\/wp\/v2\/pages"}],"about":[{"href":"https:\/\/avantaprosolutions.com\/es\/wp-json\/wp\/v2\/types\/page"}],"author":[{"embeddable":true,"href":"https:\/\/avantaprosolutions.com\/es\/wp-json\/wp\/v2\/users\/1"}],"replies":[{"embeddable":true,"href":"https:\/\/avantaprosolutions.com\/es\/wp-json\/wp\/v2\/comments?post=47"}],"version-history":[{"count":11,"href":"https:\/\/avantaprosolutions.com\/es\/wp-json\/wp\/v2\/pages\/47\/revisions"}],"predecessor-version":[{"id":1259,"href":"https:\/\/avantaprosolutions.com\/es\/wp-json\/wp\/v2\/pages\/47\/revisions\/1259"}],"wp:attachment":[{"href":"https:\/\/avantaprosolutions.com\/es\/wp-json\/wp\/v2\/media?parent=47"}],"curies":[{"name":"wp","href":"https:\/\/api.w.org\/{rel}","templated":true}]}}